{"id":2103,"date":"2020-06-05T11:55:04","date_gmt":"2020-06-05T11:55:04","guid":{"rendered":"https:\/\/lifeline2.webinane.com\/nonprofit\/?page_id=2103"},"modified":"2026-03-26T22:42:10","modified_gmt":"2026-03-26T22:42:10","slug":"nos-actions","status":"publish","type":"page","link":"https:\/\/www.lecoeurdunesoeur.com\/index.php\/nos-actions\/","title":{"rendered":"Nos actions"},"content":{"rendered":"<div class=\"wpb-content-wrapper\"><p>[vc_row container=&#8221;on&#8221; uniqid=&#8221;lifeline2-5eeb099d7366d&#8221; res_css=&#8221;padding_top_desktop_ddt:80|padding_bottom_desktop_ddt:40|padding_top_mobile_mdt:60|padding_bottom_mobile_mdt:20&#8243;][vc_column][lifeline2_heading style=&#8221;sec-title style4 mb-40 w-100&#8243; align=&#8221;text-center&#8221; title=&#8221;Nos actions&#8221;][vc_column_text css=&#8221;&#8221;]L&#8217;association Le c\u0153ur d\u2019une s\u0153ur d\u00e9veloppe des actions concr\u00e8tes pour am\u00e9liorer la vie quotidienne des jeunes femmes et m\u00e8res isol\u00e9es au Congo. D\u00e9couvrez nos programmes et leur impact sur le terrain.[\/vc_column_text][\/vc_column][vc_column][lifeline2_heading style=&#8221;sec-title style4 mb-40 w-100&#8243; align=&#8221;text-center&#8221; title=&#8221;L&#8217;hygi\u00e8ne pour toutes (HPT)&#8221;][vc_column_text css=&#8221;&#8221;]Projet L&#8217;hygi\u00e8ne pour toutes &#8211; Lutte contre la pr\u00e9carit\u00e9 menstruelle au Congo<\/p>\n<p><strong>Le probl\u00e8me de la pr\u00e9carit\u00e9 menstruelle<\/strong><\/p>\n<p>Des milliers de jeunes filles congolaises manquent l&#8217;\u00e9cole chaque mois faute d&#8217;acc\u00e8s \u00e0 des protections hygi\u00e9niques adapt\u00e9es. Cette situation entra\u00eene :[\/vc_column_text][vc_row_inner][vc_column_inner width=&#8221;1\/4&#8243;][vc_single_image image=&#8221;2446&#8243; img_size=&#8221;full&#8221; css=&#8221;&#8221;][vc_icon icon_fontawesome=&#8221;fa fa-solid fa-hand-holding-heart&#8221; color=&#8221;custom&#8221; align=&#8221;center&#8221; css=&#8221;.vc_custom_1773135004238{margin-bottom: 15px !important;border-radius: 35px !important;}&#8221; custom_color=&#8221;#25a960&#8243;][vc_column_text css=&#8221;&#8221;]<\/p>\n<h4 style=\"text-align: center;\">Un d\u00e9crochage<\/h4>\n<p style=\"text-align: center;\">scolaire massif<\/p>\n<p>[\/vc_column_text][\/vc_column_inner][vc_column_inner width=&#8221;1\/4&#8243;][vc_single_image image=&#8221;2446&#8243; img_size=&#8221;full&#8221; css=&#8221;&#8221;][vc_icon icon_fontawesome=&#8221;fa fa-solid fa-triangle-exclamation&#8221; color=&#8221;custom&#8221; align=&#8221;center&#8221; css=&#8221;.vc_custom_1773135015354{margin-bottom: 15px !important;border-radius: 35px !important;}&#8221; custom_color=&#8221;#25a960&#8243;][vc_column_text css=&#8221;&#8221;]<\/p>\n<h4 style=\"text-align: center;\">Des risques<\/h4>\n<p style=\"text-align: center;\">sanitaires graves<\/p>\n<p>[\/vc_column_text][\/vc_column_inner][vc_column_inner width=&#8221;1\/4&#8243;][vc_single_image image=&#8221;2446&#8243; img_size=&#8221;full&#8221; css=&#8221;&#8221;][vc_icon icon_fontawesome=&#8221;fas fa-handshake&#8221; color=&#8221;custom&#8221; align=&#8221;center&#8221; css=&#8221;.vc_custom_1592461553082{margin-bottom: 15px !important;padding-right: 0px !important;padding-left: 0px !important;border-radius: 35px !important;}&#8221; custom_color=&#8221;#25a960&#8243;][vc_column_text css=&#8221;&#8221;]<\/p>\n<h4 style=\"text-align: center;\">Une atteinte<\/h4>\n<p style=\"text-align: center;\">\u00e0 la dignit\u00e9 et \u00e0 l&#8217;estime de soi<\/p>\n<p>[\/vc_column_text][\/vc_column_inner][vc_column_inner width=&#8221;1\/4&#8243;][vc_single_image image=&#8221;2446&#8243; img_size=&#8221;full&#8221; css=&#8221;&#8221;][vc_icon icon_fontawesome=&#8221;fa fa-solid fa-bell&#8221; color=&#8221;custom&#8221; css=&#8221;&#8221; custom_color=&#8221;#25A960&#8243;][vc_column_text css=&#8221;&#8221;]<\/p>\n<h4 style=\"text-align: center;\">Des in\u00e9galit\u00e9s<\/h4>\n<p style=\"text-align: center;\">d&#8217;acc\u00e8s \u00e0 l&#8217;\u00e9ducation entre filles et gar\u00e7ons<\/p>\n<p>[\/vc_column_text][\/vc_column_inner][\/vc_row_inner][\/vc_column][\/vc_row][vc_row uniqid=&#8221;lifeline2-5ed9f4406d54c&#8221;][vc_column][wi_donation_parallax title=&#8221;Faire un don&#8221; text=&#8221;Votre soutien financier nous permet de distribuer des kits menstruels, d&#8217;organiser des ateliers et d&#8217;accompagner les m\u00e8res isol\u00e9es au quotidien.&#8221; button=&#8221;true&#8221; btn_label=&#8221;Je fais un don&#8221; button2=&#8221;true&#8221; btn2_label=&#8221;&#8221; bg_image=&#8221;1463&#8243; post_id=&#8221;87&#8243; post_id2=&#8221;87&#8243;][\/vc_column][\/vc_row][vc_row container=&#8221;on&#8221; uniqid=&#8221;lifeline2-5eeb099d7366d&#8221; res_css=&#8221;padding_top_desktop_ddt:80|padding_bottom_desktop_ddt:40|padding_top_mobile_mdt:60|padding_bottom_mobile_mdt:20&#8243;][vc_column][lifeline2_heading style=&#8221;sec-title style4 mb-40 w-100&#8243; align=&#8221;text-center&#8221; title=&#8221;Notre solution : des kits menstruels gratuits et \u00e9cologiques&#8221;][vc_column_text css=&#8221;&#8221;]Le projet &#8220;l&#8217;hygi\u00e8ne pour toutes&#8221; propose une r\u00e9ponse globale \u00e0 travers la distribution mensuelle de kits menstruels comprenant :[\/vc_column_text][vc_row_inner][vc_column_inner width=&#8221;1\/4&#8243;][vc_single_image image=&#8221;2469&#8243; img_size=&#8221;full&#8221; css=&#8221;&#8221;][vc_icon icon_fontawesome=&#8221;fa fa-solid fa-house&#8221; color=&#8221;custom&#8221; align=&#8221;center&#8221; css=&#8221;.vc_custom_1773136016849{margin-bottom: 15px !important;border-radius: 35px !important;}&#8221; custom_color=&#8221;#25a960&#8243;][vc_column_text css=&#8221;&#8221;]<\/p>\n<h4 style=\"text-align: center;\">3 paquets<\/h4>\n<p style=\"text-align: center;\">de serviettes hygi\u00e9niques avec flux diff\u00e9rents<\/p>\n<p>[\/vc_column_text][\/vc_column_inner][vc_column_inner width=&#8221;1\/4&#8243;][vc_single_image image=&#8221;2469&#8243; img_size=&#8221;full&#8221; css=&#8221;&#8221;][vc_icon icon_fontawesome=&#8221;fa fa-solid fa-child&#8221; color=&#8221;custom&#8221; align=&#8221;center&#8221; css=&#8221;.vc_custom_1773136037357{margin-bottom: 15px !important;border-radius: 35px !important;}&#8221; custom_color=&#8221;#25a960&#8243;][vc_column_text css=&#8221;&#8221;]<\/p>\n<h4 style=\"text-align: center;\">5 culottes menstruelles<\/h4>\n<p style=\"text-align: center;\">r\u00e9utilisables (premi\u00e8re distribution)<\/p>\n<p>[\/vc_column_text][\/vc_column_inner][vc_column_inner width=&#8221;1\/4&#8243;][vc_single_image image=&#8221;2469&#8243; img_size=&#8221;full&#8221; css=&#8221;&#8221;][vc_icon icon_fontawesome=&#8221;fa fa-solid fa-hand-holding-droplet&#8221; color=&#8221;custom&#8221; align=&#8221;center&#8221; css=&#8221;.vc_custom_1773136072663{margin-bottom: 15px !important;padding-right: 0px !important;padding-left: 0px !important;border-radius: 35px !important;}&#8221; custom_color=&#8221;#25a960&#8243;][vc_column_text css=&#8221;&#8221;]<\/p>\n<h4 style=\"text-align: center;\">1 gel<\/h4>\n<p style=\"text-align: center;\">nettoyant intime<\/p>\n<p>[\/vc_column_text][\/vc_column_inner][vc_column_inner width=&#8221;1\/4&#8243;][vc_single_image image=&#8221;2469&#8243; img_size=&#8221;full&#8221; css=&#8221;&#8221;][vc_icon icon_fontawesome=&#8221;fa fa-solid fa-handshake-angle&#8221; color=&#8221;custom&#8221; css=&#8221;&#8221; custom_color=&#8221;#25A960&#8243;][vc_column_text css=&#8221;&#8221;]<\/p>\n<h4 style=\"text-align: center;\">1 paquet<\/h4>\n<p style=\"text-align: center;\">de lingettes intimes<\/p>\n<p>[\/vc_column_text][\/vc_column_inner][\/vc_row_inner][vc_column_text css=&#8221;&#8221;]Ces kits sont biod\u00e9gradables, r\u00e9utilisables et respectueux de l&#8217;environnement.<\/p>\n<p><strong>Phase pilote<\/strong><\/p>\n<p><strong>Zones cibl\u00e9es :<\/strong> Pointe-Noire et Brazzaville<br \/>\n<strong>50 \u00e9tablissements :<\/strong> \u00e9coles, coll\u00e8ges, lyc\u00e9es et universit\u00e9s<br \/>\n<strong>25 000 b\u00e9n\u00e9ficiaires<\/strong> pour la premi\u00e8re phase<br \/>\n<strong>Crit\u00e8re de s\u00e9lection :<\/strong> zones \u00e0 fort taux de vuln\u00e9rabilit\u00e9[\/vc_column_text][\/vc_column][\/vc_row][vc_row container=&#8221;on&#8221; uniqid=&#8221;lifeline2-5eeb09b48cbd1&#8243; res_css=&#8221;padding_top_desktop_ddt:80|padding_bottom_desktop_ddt:50|padding_top_mobile_mdt:60|padding_bottom_mobile_mdt:30&#8243;][vc_column][lifeline2_heading style=&#8221;sec-title style4 mb-40 w-100&#8243; align=&#8221;text-center&#8221; title=&#8221;Nos activit\u00e9s concr\u00e8tes&#8221;][vc_column_text css=&#8221;&#8221;]<\/p>\n<ol>\n<li>Distribution de kits menstruels dans les \u00e9tablissements scolaires<\/li>\n<li>Formation des encadreurs avec l&#8217;appui d&#8217;infirmi\u00e8res b\u00e9n\u00e9voles<\/li>\n<li>Ateliers \u00e9ducatifs pour les \u00e9l\u00e8ves sur l&#8217;hygi\u00e8ne menstruelle et la sant\u00e9 reproductive<\/li>\n<li>Installation de points d&#8217;hygi\u00e8ne dans les \u00e9coles<\/li>\n<li>\u00c9valuation d&#8217;impact trimestrielle pour mesurer les r\u00e9sultats<\/li>\n<\/ol>\n<p><strong>Objectifs du projet<\/strong><\/p>\n<ul>\n<li>Offrir l&#8217;acc\u00e8s gratuit \u00e0 des protections hygi\u00e9niques s\u00fbres et durables<\/li>\n<li>R\u00e9duire l&#8217;absent\u00e9isme scolaire des jeunes filles pendant leurs r\u00e8gles<\/li>\n<li>Sensibiliser \u00e0 l&#8217;hygi\u00e8ne menstruelle et \u00e0 la sant\u00e9 reproductive<\/li>\n<li>Promouvoir l&#8217;\u00e9quit\u00e9 sociale et l&#8217;\u00e9galit\u00e9 des chances entre filles et gar\u00e7ons<\/li>\n<\/ul>\n<p><strong>Un partenariat institutionnel fort<\/strong><\/p>\n<p>Le projet est port\u00e9 en partenariat avec :<\/p>\n<ul>\n<li>Le minist\u00e8re de la sant\u00e9 : cadre sanitaire et m\u00e9dical<\/li>\n<li>Le minist\u00e8re de l\u2019\u00e9ducation : acc\u00e8s aux \u00e9tablissements scolaires<\/li>\n<li>Le minist\u00e8re de la femme : relais communautaire et plaidoyer<\/li>\n<\/ul>\n<p><strong>Vers un d\u00e9ploiement national<\/strong><\/p>\n<p>Notre ambition : \u00e9tendre le projet \u00e0 toutes les r\u00e9gions du Congo, avec :<\/p>\n<ul>\n<li>Une tourn\u00e9e nationale de sensibilisation<\/li>\n<li>L&#8217;implication des autorit\u00e9s locales<\/li>\n<li>Le d\u00e9veloppement d&#8217;une fabrication locale de serviettes hygi\u00e9niques et culottes menstruelles<\/li>\n<\/ul>\n<p><strong>Budget de la phase pilote : 200 millions F CFA (environ 300 000 \u20ac)<\/strong>[\/vc_column_text][\/vc_column][\/vc_row]<\/p>\n<\/div>","protected":false},"excerpt":{"rendered":"<p>[vc_row container=&#8221;on&#8221; uniqid=&#8221;lifeline2-5eeb099d7366d&#8221; res_css=&#8221;padding_top_desktop_ddt:80|padding_bottom_desktop_ddt:40|padding_top_mobile_mdt:60|padding_bottom_mobile_mdt:20&#8243;][vc_column][lifeline2_heading style=&#8221;sec-title style4 mb-40 w-100&#8243; align=&#8221;text-center&#8221; title=&#8221;Nos actions&#8221;][vc_column_text css=&#8221;&#8221;]L&#8217;association Le c\u0153ur d\u2019une s\u0153ur d\u00e9veloppe des actions concr\u00e8tes pour am\u00e9liorer la vie quotidienne des jeunes femmes et m\u00e8res isol\u00e9es au Congo. D\u00e9couvrez nos programmes et leur impact sur le terrain.[\/vc_column_text][\/vc_column][vc_column][lifeline2_heading style=&#8221;sec-title style4 mb-40 w-100&#8243; align=&#8221;text-center&#8221; title=&#8221;L&#8217;hygi\u00e8ne pour toutes (HPT)&#8221;][vc_column_text css=&#8221;&#8221;]Projet L&#8217;hygi\u00e8ne pour toutes [&hellip;]<\/p>\n","protected":false},"author":1,"featured_media":0,"parent":0,"menu_order":0,"comment_status":"closed","ping_status":"closed","template":"template-vc.php","meta":{"_crdt_document":"","footnotes":""},"class_list":["post-2103","page","type-page","status-publish","hentry"],"yoast_head":"<!-- This site is optimized with the Yoast SEO plugin v27.2 - https:\/\/yoast.com\/product\/yoast-seo-wordpress\/ -->\n<title>Nos actions - Le Coeur d&#039;Une Soeur<\/title>\n<meta name=\"robots\" content=\"index, follow, max-snippet:-1, max-image-preview:large, max-video-preview:-1\" \/>\n<link rel=\"canonical\" href=\"https:\/\/www.lecoeurdunesoeur.com\/index.php\/nos-actions\/\" \/>\n<meta property=\"og:locale\" content=\"fr_FR\" \/>\n<meta property=\"og:type\" content=\"article\" \/>\n<meta property=\"og:title\" content=\"Nos actions - Le Coeur d&#039;Une Soeur\" \/>\n<meta property=\"og:description\" content=\"[vc_row container=&#8221;on&#8221; uniqid=&#8221;lifeline2-5eeb099d7366d&#8221; res_css=&#8221;padding_top_desktop_ddt:80|padding_bottom_desktop_ddt:40|padding_top_mobile_mdt:60|padding_bottom_mobile_mdt:20&#8243;][vc_column][lifeline2_heading style=&#8221;sec-title style4 mb-40 w-100&#8243; align=&#8221;text-center&#8221; title=&#8221;Nos actions&#8221;][vc_column_text css=&#8221;&#8221;]L&#8217;association Le c\u0153ur d\u2019une s\u0153ur d\u00e9veloppe des actions concr\u00e8tes pour am\u00e9liorer la vie quotidienne des jeunes femmes et m\u00e8res isol\u00e9es au Congo. D\u00e9couvrez nos programmes et leur impact sur le terrain.[\/vc_column_text][\/vc_column][vc_column][lifeline2_heading style=&#8221;sec-title style4 mb-40 w-100&#8243; align=&#8221;text-center&#8221; title=&#8221;L&#8217;hygi\u00e8ne pour toutes (HPT)&#8221;][vc_column_text css=&#8221;&#8221;]Projet L&#8217;hygi\u00e8ne pour toutes [&hellip;]\" \/>\n<meta property=\"og:url\" content=\"https:\/\/www.lecoeurdunesoeur.com\/index.php\/nos-actions\/\" \/>\n<meta property=\"og:site_name\" content=\"Le Coeur d&#039;Une Soeur\" \/>\n<meta property=\"article:modified_time\" content=\"2026-03-26T22:42:10+00:00\" \/>\n<meta name=\"twitter:card\" content=\"summary_large_image\" \/>\n<meta name=\"twitter:label1\" content=\"Dur\u00e9e de lecture estim\u00e9e\" \/>\n\t<meta name=\"twitter:data1\" content=\"3 minutes\" \/>\n<script type=\"application\/ld+json\" class=\"yoast-schema-graph\">{\"@context\":\"https:\/\/schema.org\",\"@graph\":[{\"@type\":\"WebPage\",\"@id\":\"https:\/\/www.lecoeurdunesoeur.com\/index.php\/nos-actions\/\",\"url\":\"https:\/\/www.lecoeurdunesoeur.com\/index.php\/nos-actions\/\",\"name\":\"Nos actions - Le Coeur d&#039;Une Soeur\",\"isPartOf\":{\"@id\":\"https:\/\/www.lecoeurdunesoeur.com\/#website\"},\"datePublished\":\"2020-06-05T11:55:04+00:00\",\"dateModified\":\"2026-03-26T22:42:10+00:00\",\"breadcrumb\":{\"@id\":\"https:\/\/www.lecoeurdunesoeur.com\/index.php\/nos-actions\/#breadcrumb\"},\"inLanguage\":\"fr-FR\",\"potentialAction\":[{\"@type\":\"ReadAction\",\"target\":[\"https:\/\/www.lecoeurdunesoeur.com\/index.php\/nos-actions\/\"]}]},{\"@type\":\"BreadcrumbList\",\"@id\":\"https:\/\/www.lecoeurdunesoeur.com\/index.php\/nos-actions\/#breadcrumb\",\"itemListElement\":[{\"@type\":\"ListItem\",\"position\":1,\"name\":\"Accueil\",\"item\":\"https:\/\/www.lecoeurdunesoeur.com\/\"},{\"@type\":\"ListItem\",\"position\":2,\"name\":\"Nos actions\"}]},{\"@type\":\"WebSite\",\"@id\":\"https:\/\/www.lecoeurdunesoeur.com\/#website\",\"url\":\"https:\/\/www.lecoeurdunesoeur.com\/\",\"name\":\"Le Coeur d&#039;Une Soeur\",\"description\":\"\",\"publisher\":{\"@id\":\"https:\/\/www.lecoeurdunesoeur.com\/#organization\"},\"potentialAction\":[{\"@type\":\"SearchAction\",\"target\":{\"@type\":\"EntryPoint\",\"urlTemplate\":\"https:\/\/www.lecoeurdunesoeur.com\/?s={search_term_string}\"},\"query-input\":{\"@type\":\"PropertyValueSpecification\",\"valueRequired\":true,\"valueName\":\"search_term_string\"}}],\"inLanguage\":\"fr-FR\"},{\"@type\":\"Organization\",\"@id\":\"https:\/\/www.lecoeurdunesoeur.com\/#organization\",\"name\":\"Le Coeur d&#039;Une Soeur\",\"url\":\"https:\/\/www.lecoeurdunesoeur.com\/\",\"logo\":{\"@type\":\"ImageObject\",\"inLanguage\":\"fr-FR\",\"@id\":\"https:\/\/www.lecoeurdunesoeur.com\/#\/schema\/logo\/image\/\",\"url\":\"https:\/\/www.lecoeurdunesoeur.com\/wp-content\/uploads\/2026\/03\/cropped-Logo-association-le-coeur-dune-soeur.png\",\"contentUrl\":\"https:\/\/www.lecoeurdunesoeur.com\/wp-content\/uploads\/2026\/03\/cropped-Logo-association-le-coeur-dune-soeur.png\",\"width\":200,\"height\":200,\"caption\":\"Le Coeur d&#039;Une Soeur\"},\"image\":{\"@id\":\"https:\/\/www.lecoeurdunesoeur.com\/#\/schema\/logo\/image\/\"}}]}<\/script>\n<!-- \/ Yoast SEO plugin. -->","yoast_head_json":{"title":"Nos actions - Le Coeur d&#039;Une Soeur","robots":{"index":"index","follow":"follow","max-snippet":"max-snippet:-1","max-image-preview":"max-image-preview:large","max-video-preview":"max-video-preview:-1"},"canonical":"https:\/\/www.lecoeurdunesoeur.com\/index.php\/nos-actions\/","og_locale":"fr_FR","og_type":"article","og_title":"Nos actions - Le Coeur d&#039;Une Soeur","og_description":"[vc_row container=&#8221;on&#8221; uniqid=&#8221;lifeline2-5eeb099d7366d&#8221; res_css=&#8221;padding_top_desktop_ddt:80|padding_bottom_desktop_ddt:40|padding_top_mobile_mdt:60|padding_bottom_mobile_mdt:20&#8243;][vc_column][lifeline2_heading style=&#8221;sec-title style4 mb-40 w-100&#8243; align=&#8221;text-center&#8221; title=&#8221;Nos actions&#8221;][vc_column_text css=&#8221;&#8221;]L&#8217;association Le c\u0153ur d\u2019une s\u0153ur d\u00e9veloppe des actions concr\u00e8tes pour am\u00e9liorer la vie quotidienne des jeunes femmes et m\u00e8res isol\u00e9es au Congo. D\u00e9couvrez nos programmes et leur impact sur le terrain.[\/vc_column_text][\/vc_column][vc_column][lifeline2_heading style=&#8221;sec-title style4 mb-40 w-100&#8243; align=&#8221;text-center&#8221; title=&#8221;L&#8217;hygi\u00e8ne pour toutes (HPT)&#8221;][vc_column_text css=&#8221;&#8221;]Projet L&#8217;hygi\u00e8ne pour toutes [&hellip;]","og_url":"https:\/\/www.lecoeurdunesoeur.com\/index.php\/nos-actions\/","og_site_name":"Le Coeur d&#039;Une Soeur","article_modified_time":"2026-03-26T22:42:10+00:00","twitter_card":"summary_large_image","twitter_misc":{"Dur\u00e9e de lecture estim\u00e9e":"3 minutes"},"schema":{"@context":"https:\/\/schema.org","@graph":[{"@type":"WebPage","@id":"https:\/\/www.lecoeurdunesoeur.com\/index.php\/nos-actions\/","url":"https:\/\/www.lecoeurdunesoeur.com\/index.php\/nos-actions\/","name":"Nos actions - Le Coeur d&#039;Une Soeur","isPartOf":{"@id":"https:\/\/www.lecoeurdunesoeur.com\/#website"},"datePublished":"2020-06-05T11:55:04+00:00","dateModified":"2026-03-26T22:42:10+00:00","breadcrumb":{"@id":"https:\/\/www.lecoeurdunesoeur.com\/index.php\/nos-actions\/#breadcrumb"},"inLanguage":"fr-FR","potentialAction":[{"@type":"ReadAction","target":["https:\/\/www.lecoeurdunesoeur.com\/index.php\/nos-actions\/"]}]},{"@type":"BreadcrumbList","@id":"https:\/\/www.lecoeurdunesoeur.com\/index.php\/nos-actions\/#breadcrumb","itemListElement":[{"@type":"ListItem","position":1,"name":"Accueil","item":"https:\/\/www.lecoeurdunesoeur.com\/"},{"@type":"ListItem","position":2,"name":"Nos actions"}]},{"@type":"WebSite","@id":"https:\/\/www.lecoeurdunesoeur.com\/#website","url":"https:\/\/www.lecoeurdunesoeur.com\/","name":"Le Coeur d&#039;Une Soeur","description":"","publisher":{"@id":"https:\/\/www.lecoeurdunesoeur.com\/#organization"},"potentialAction":[{"@type":"SearchAction","target":{"@type":"EntryPoint","urlTemplate":"https:\/\/www.lecoeurdunesoeur.com\/?s={search_term_string}"},"query-input":{"@type":"PropertyValueSpecification","valueRequired":true,"valueName":"search_term_string"}}],"inLanguage":"fr-FR"},{"@type":"Organization","@id":"https:\/\/www.lecoeurdunesoeur.com\/#organization","name":"Le Coeur d&#039;Une Soeur","url":"https:\/\/www.lecoeurdunesoeur.com\/","logo":{"@type":"ImageObject","inLanguage":"fr-FR","@id":"https:\/\/www.lecoeurdunesoeur.com\/#\/schema\/logo\/image\/","url":"https:\/\/www.lecoeurdunesoeur.com\/wp-content\/uploads\/2026\/03\/cropped-Logo-association-le-coeur-dune-soeur.png","contentUrl":"https:\/\/www.lecoeurdunesoeur.com\/wp-content\/uploads\/2026\/03\/cropped-Logo-association-le-coeur-dune-soeur.png","width":200,"height":200,"caption":"Le Coeur d&#039;Une Soeur"},"image":{"@id":"https:\/\/www.lecoeurdunesoeur.com\/#\/schema\/logo\/image\/"}}]}},"_links":{"self":[{"href":"https:\/\/www.lecoeurdunesoeur.com\/index.php\/wp-json\/wp\/v2\/pages\/2103","targetHints":{"allow":["GET"]}}],"collection":[{"href":"https:\/\/www.lecoeurdunesoeur.com\/index.php\/wp-json\/wp\/v2\/pages"}],"about":[{"href":"https:\/\/www.lecoeurdunesoeur.com\/index.php\/wp-json\/wp\/v2\/types\/page"}],"author":[{"embeddable":true,"href":"https:\/\/www.lecoeurdunesoeur.com\/index.php\/wp-json\/wp\/v2\/users\/1"}],"replies":[{"embeddable":true,"href":"https:\/\/www.lecoeurdunesoeur.com\/index.php\/wp-json\/wp\/v2\/comments?post=2103"}],"version-history":[{"count":9,"href":"https:\/\/www.lecoeurdunesoeur.com\/index.php\/wp-json\/wp\/v2\/pages\/2103\/revisions"}],"predecessor-version":[{"id":2564,"href":"https:\/\/www.lecoeurdunesoeur.com\/index.php\/wp-json\/wp\/v2\/pages\/2103\/revisions\/2564"}],"wp:attachment":[{"href":"https:\/\/www.lecoeurdunesoeur.com\/index.php\/wp-json\/wp\/v2\/media?parent=2103"}],"curies":[{"name":"wp","href":"https:\/\/api.w.org\/{rel}","templated":true}]}}