{"id":2520,"date":"2026-03-17T10:18:11","date_gmt":"2026-03-17T10:18:11","guid":{"rendered":"https:\/\/www.lecoeurdunesoeur.com\/?page_id=2520"},"modified":"2026-03-17T10:18:11","modified_gmt":"2026-03-17T10:18:11","slug":"sengager","status":"publish","type":"page","link":"https:\/\/www.lecoeurdunesoeur.com\/index.php\/sengager\/","title":{"rendered":"S&#8217;engager"},"content":{"rendered":"<div class=\"wpb-content-wrapper\"><p>[vc_row][vc_column][vc_column_text css=&#8221;&#8221;]<\/p>\n<h3>Faire un don<\/h3>\n<p>Votre soutien financier nous permet de distribuer des kits menstruels, d&#8217;organiser des ateliers et d&#8217;accompagner les m\u00e8res isol\u00e9es au quotidien.<\/p>\n<p><strong>Coordonn\u00e9es bancaires nationales<\/strong><\/p>\n<p>\uf0b7 Code banque : 30011<br \/>\n\uf0b7 Code guichet : 00011<br \/>\n\uf0b7 Compte : 90000281007<br \/>\n\uf0b7 Cl\u00e9 RIB : 83<\/p>\n<p><strong>Coordonn\u00e9es bancaires internationales<\/strong><\/p>\n<p>\uf0b7 IBAN : CG39 30011 00011 90000281007 83<br \/>\n\uf0b7 CODE BIC : BCMACGCG<\/p>\n<p><strong>Devenir b\u00e9n\u00e9vole<\/strong><\/p>\n<p><strong>Rejoignez notre \u00e9quipe ! Nous recherchons r\u00e9guli\u00e8rement :<\/strong><\/p>\n<p>\uf0b7 Des infirmi\u00e8res pour animer les ateliers<br \/>\n\uf0b7 Des \u00e9ducateurs pour la sensibilisation<br \/>\n\uf0b7 Des logisticiens pour la distribution<br \/>\n\uf0b7 Des communicants pour faire conna\u00eetre nos actions<\/p>\n<p><strong>Partenariats<\/strong><\/p>\n<p>Vous repr\u00e9sentez une entreprise, une ONG, une institution ? Devenez partenaire et contribuez \u00e0 l&#8217;autonomisation des femmes congolaises.<\/p>\n<p><strong>Types de partenariats possibles :<\/strong><\/p>\n<p>\uf0b7 Partenariat financier<br \/>\n\uf0b7 Don en nature (produits d&amp;#39;hygi\u00e8ne)<br \/>\n\uf0b7 Mise \u00e0 disposition de comp\u00e9tences<br \/>\n\uf0b7 Relais de communication[\/vc_column_text][\/vc_column][\/vc_row]<\/p>\n<\/div>","protected":false},"excerpt":{"rendered":"<p>[vc_row][vc_column][vc_column_text css=&#8221;&#8221;] Faire un don Votre soutien financier nous permet de distribuer des kits menstruels, d&#8217;organiser des ateliers et d&#8217;accompagner les m\u00e8res isol\u00e9es au quotidien. Coordonn\u00e9es bancaires nationales \uf0b7 Code banque : 30011 \uf0b7 Code guichet : 00011 \uf0b7 Compte : 90000281007 \uf0b7 Cl\u00e9 RIB : 83 Coordonn\u00e9es bancaires internationales \uf0b7 IBAN : CG39 30011 [&hellip;]<\/p>\n","protected":false},"author":1,"featured_media":0,"parent":0,"menu_order":0,"comment_status":"closed","ping_status":"closed","template":"","meta":{"_crdt_document":"","footnotes":""},"class_list":["post-2520","page","type-page","status-publish","hentry"],"yoast_head":"<!-- This site is optimized with the Yoast SEO plugin v27.2 - https:\/\/yoast.com\/product\/yoast-seo-wordpress\/ -->\n<title>S&#039;engager - Le Coeur d&#039;Une Soeur<\/title>\n<meta name=\"robots\" content=\"index, follow, max-snippet:-1, max-image-preview:large, max-video-preview:-1\" \/>\n<link rel=\"canonical\" href=\"https:\/\/www.lecoeurdunesoeur.com\/index.php\/sengager\/\" \/>\n<meta property=\"og:locale\" content=\"fr_FR\" \/>\n<meta property=\"og:type\" content=\"article\" \/>\n<meta property=\"og:title\" content=\"S&#039;engager - Le Coeur d&#039;Une Soeur\" \/>\n<meta property=\"og:description\" content=\"[vc_row][vc_column][vc_column_text css=&#8221;&#8221;] Faire un don Votre soutien financier nous permet de distribuer des kits menstruels, d&#8217;organiser des ateliers et d&#8217;accompagner les m\u00e8res isol\u00e9es au quotidien. Coordonn\u00e9es bancaires nationales \uf0b7 Code banque : 30011 \uf0b7 Code guichet : 00011 \uf0b7 Compte : 90000281007 \uf0b7 Cl\u00e9 RIB : 83 Coordonn\u00e9es bancaires internationales \uf0b7 IBAN : CG39 30011 [&hellip;]\" \/>\n<meta property=\"og:url\" content=\"https:\/\/www.lecoeurdunesoeur.com\/index.php\/sengager\/\" \/>\n<meta property=\"og:site_name\" content=\"Le Coeur d&#039;Une Soeur\" \/>\n<meta name=\"twitter:card\" content=\"summary_large_image\" \/>\n<meta name=\"twitter:label1\" content=\"Dur\u00e9e de lecture estim\u00e9e\" \/>\n\t<meta name=\"twitter:data1\" content=\"1 minute\" \/>\n<script type=\"application\/ld+json\" class=\"yoast-schema-graph\">{\"@context\":\"https:\/\/schema.org\",\"@graph\":[{\"@type\":\"WebPage\",\"@id\":\"https:\/\/www.lecoeurdunesoeur.com\/index.php\/sengager\/\",\"url\":\"https:\/\/www.lecoeurdunesoeur.com\/index.php\/sengager\/\",\"name\":\"S'engager - Le Coeur d&#039;Une Soeur\",\"isPartOf\":{\"@id\":\"https:\/\/www.lecoeurdunesoeur.com\/#website\"},\"datePublished\":\"2026-03-17T10:18:11+00:00\",\"breadcrumb\":{\"@id\":\"https:\/\/www.lecoeurdunesoeur.com\/index.php\/sengager\/#breadcrumb\"},\"inLanguage\":\"fr-FR\",\"potentialAction\":[{\"@type\":\"ReadAction\",\"target\":[\"https:\/\/www.lecoeurdunesoeur.com\/index.php\/sengager\/\"]}]},{\"@type\":\"BreadcrumbList\",\"@id\":\"https:\/\/www.lecoeurdunesoeur.com\/index.php\/sengager\/#breadcrumb\",\"itemListElement\":[{\"@type\":\"ListItem\",\"position\":1,\"name\":\"Accueil\",\"item\":\"https:\/\/www.lecoeurdunesoeur.com\/\"},{\"@type\":\"ListItem\",\"position\":2,\"name\":\"S&#8217;engager\"}]},{\"@type\":\"WebSite\",\"@id\":\"https:\/\/www.lecoeurdunesoeur.com\/#website\",\"url\":\"https:\/\/www.lecoeurdunesoeur.com\/\",\"name\":\"Le Coeur d&#039;Une Soeur\",\"description\":\"\",\"publisher\":{\"@id\":\"https:\/\/www.lecoeurdunesoeur.com\/#organization\"},\"potentialAction\":[{\"@type\":\"SearchAction\",\"target\":{\"@type\":\"EntryPoint\",\"urlTemplate\":\"https:\/\/www.lecoeurdunesoeur.com\/?s={search_term_string}\"},\"query-input\":{\"@type\":\"PropertyValueSpecification\",\"valueRequired\":true,\"valueName\":\"search_term_string\"}}],\"inLanguage\":\"fr-FR\"},{\"@type\":\"Organization\",\"@id\":\"https:\/\/www.lecoeurdunesoeur.com\/#organization\",\"name\":\"Le Coeur d&#039;Une Soeur\",\"url\":\"https:\/\/www.lecoeurdunesoeur.com\/\",\"logo\":{\"@type\":\"ImageObject\",\"inLanguage\":\"fr-FR\",\"@id\":\"https:\/\/www.lecoeurdunesoeur.com\/#\/schema\/logo\/image\/\",\"url\":\"https:\/\/www.lecoeurdunesoeur.com\/wp-content\/uploads\/2026\/03\/cropped-Logo-association-le-coeur-dune-soeur.png\",\"contentUrl\":\"https:\/\/www.lecoeurdunesoeur.com\/wp-content\/uploads\/2026\/03\/cropped-Logo-association-le-coeur-dune-soeur.png\",\"width\":200,\"height\":200,\"caption\":\"Le Coeur d&#039;Une Soeur\"},\"image\":{\"@id\":\"https:\/\/www.lecoeurdunesoeur.com\/#\/schema\/logo\/image\/\"}}]}<\/script>\n<!-- \/ Yoast SEO plugin. -->","yoast_head_json":{"title":"S'engager - Le Coeur d&#039;Une Soeur","robots":{"index":"index","follow":"follow","max-snippet":"max-snippet:-1","max-image-preview":"max-image-preview:large","max-video-preview":"max-video-preview:-1"},"canonical":"https:\/\/www.lecoeurdunesoeur.com\/index.php\/sengager\/","og_locale":"fr_FR","og_type":"article","og_title":"S'engager - Le Coeur d&#039;Une Soeur","og_description":"[vc_row][vc_column][vc_column_text css=&#8221;&#8221;] Faire un don Votre soutien financier nous permet de distribuer des kits menstruels, d&#8217;organiser des ateliers et d&#8217;accompagner les m\u00e8res isol\u00e9es au quotidien. Coordonn\u00e9es bancaires nationales \uf0b7 Code banque : 30011 \uf0b7 Code guichet : 00011 \uf0b7 Compte : 90000281007 \uf0b7 Cl\u00e9 RIB : 83 Coordonn\u00e9es bancaires internationales \uf0b7 IBAN : CG39 30011 [&hellip;]","og_url":"https:\/\/www.lecoeurdunesoeur.com\/index.php\/sengager\/","og_site_name":"Le Coeur d&#039;Une Soeur","twitter_card":"summary_large_image","twitter_misc":{"Dur\u00e9e de lecture estim\u00e9e":"1 minute"},"schema":{"@context":"https:\/\/schema.org","@graph":[{"@type":"WebPage","@id":"https:\/\/www.lecoeurdunesoeur.com\/index.php\/sengager\/","url":"https:\/\/www.lecoeurdunesoeur.com\/index.php\/sengager\/","name":"S'engager - Le Coeur d&#039;Une Soeur","isPartOf":{"@id":"https:\/\/www.lecoeurdunesoeur.com\/#website"},"datePublished":"2026-03-17T10:18:11+00:00","breadcrumb":{"@id":"https:\/\/www.lecoeurdunesoeur.com\/index.php\/sengager\/#breadcrumb"},"inLanguage":"fr-FR","potentialAction":[{"@type":"ReadAction","target":["https:\/\/www.lecoeurdunesoeur.com\/index.php\/sengager\/"]}]},{"@type":"BreadcrumbList","@id":"https:\/\/www.lecoeurdunesoeur.com\/index.php\/sengager\/#breadcrumb","itemListElement":[{"@type":"ListItem","position":1,"name":"Accueil","item":"https:\/\/www.lecoeurdunesoeur.com\/"},{"@type":"ListItem","position":2,"name":"S&#8217;engager"}]},{"@type":"WebSite","@id":"https:\/\/www.lecoeurdunesoeur.com\/#website","url":"https:\/\/www.lecoeurdunesoeur.com\/","name":"Le Coeur d&#039;Une Soeur","description":"","publisher":{"@id":"https:\/\/www.lecoeurdunesoeur.com\/#organization"},"potentialAction":[{"@type":"SearchAction","target":{"@type":"EntryPoint","urlTemplate":"https:\/\/www.lecoeurdunesoeur.com\/?s={search_term_string}"},"query-input":{"@type":"PropertyValueSpecification","valueRequired":true,"valueName":"search_term_string"}}],"inLanguage":"fr-FR"},{"@type":"Organization","@id":"https:\/\/www.lecoeurdunesoeur.com\/#organization","name":"Le Coeur d&#039;Une Soeur","url":"https:\/\/www.lecoeurdunesoeur.com\/","logo":{"@type":"ImageObject","inLanguage":"fr-FR","@id":"https:\/\/www.lecoeurdunesoeur.com\/#\/schema\/logo\/image\/","url":"https:\/\/www.lecoeurdunesoeur.com\/wp-content\/uploads\/2026\/03\/cropped-Logo-association-le-coeur-dune-soeur.png","contentUrl":"https:\/\/www.lecoeurdunesoeur.com\/wp-content\/uploads\/2026\/03\/cropped-Logo-association-le-coeur-dune-soeur.png","width":200,"height":200,"caption":"Le Coeur d&#039;Une Soeur"},"image":{"@id":"https:\/\/www.lecoeurdunesoeur.com\/#\/schema\/logo\/image\/"}}]}},"_links":{"self":[{"href":"https:\/\/www.lecoeurdunesoeur.com\/index.php\/wp-json\/wp\/v2\/pages\/2520","targetHints":{"allow":["GET"]}}],"collection":[{"href":"https:\/\/www.lecoeurdunesoeur.com\/index.php\/wp-json\/wp\/v2\/pages"}],"about":[{"href":"https:\/\/www.lecoeurdunesoeur.com\/index.php\/wp-json\/wp\/v2\/types\/page"}],"author":[{"embeddable":true,"href":"https:\/\/www.lecoeurdunesoeur.com\/index.php\/wp-json\/wp\/v2\/users\/1"}],"replies":[{"embeddable":true,"href":"https:\/\/www.lecoeurdunesoeur.com\/index.php\/wp-json\/wp\/v2\/comments?post=2520"}],"version-history":[{"count":1,"href":"https:\/\/www.lecoeurdunesoeur.com\/index.php\/wp-json\/wp\/v2\/pages\/2520\/revisions"}],"predecessor-version":[{"id":2521,"href":"https:\/\/www.lecoeurdunesoeur.com\/index.php\/wp-json\/wp\/v2\/pages\/2520\/revisions\/2521"}],"wp:attachment":[{"href":"https:\/\/www.lecoeurdunesoeur.com\/index.php\/wp-json\/wp\/v2\/media?parent=2520"}],"curies":[{"name":"wp","href":"https:\/\/api.w.org\/{rel}","templated":true}]}}