{"id":811,"date":"2020-04-07T12:37:13","date_gmt":"2020-04-07T07:37:13","guid":{"rendered":"https:\/\/lifeline2.webinane.com\/?page_id=811"},"modified":"2026-03-26T22:39:20","modified_gmt":"2026-03-26T22:39:20","slug":"contact","status":"publish","type":"page","link":"https:\/\/www.lecoeurdunesoeur.com\/index.php\/contact\/","title":{"rendered":"Contact"},"content":{"rendered":"<div class=\"wpb-content-wrapper\"><p>[vc_row uniqid=&#8221;lifeline2-5e9053d195108&#8243; res_css=&#8221;background_color_desktop_ddt:%23f9f9f9&#8243;][vc_column uniqid=&#8221;lifeline2-5e91aa94adcd9&#8243;][vc_gmaps link=&#8221;#E-8_JTNDaWZyYW1lJTIwc3JjJTNEJTIyaHR0cHMlM0ElMkYlMkZ3d3cuZ29vZ2xlLmNvbSUyRm1hcHMlMkZlbWJlZCUzRnBiJTNEJTIxMW0xOCUyMTFtMTIlMjExbTMlMjExZDEyNjg5NS41MjA1NzQ3OTA3NyUyMTJkMTEuNzk1MzIwNzI4NzY0MTY2JTIxM2QtNC43OTc3MTcxNjE0MTAyMDMlMjEybTMlMjExZjAlMjEyZjAlMjEzZjAlMjEzbTIlMjExaTEwMjQlMjEyaTc2OCUyMTRmMTMuMSUyMTNtMyUyMTFtMiUyMTFzMHgxYTYwYTUzNDg1NzI0YTM3JTI1M0EweGVmOWUxYjlhZGY0YTkwOTUlMjEyc1BvaW50ZS1Ob2lyZSUyNTJDJTI1MjBSJTI1QzMlMjVBOXB1YmxpcXVlJTI1MjBkdSUyNTIwQ29uZ28lMjE1ZTElMjEzbTIlMjExc2ZyJTIxMnNmciUyMTR2MTc3Mzc0ODU1MTQ4NCUyMTVtMiUyMTFzZnIlMjEyc2ZyJTIyJTIwd2lkdGglM0QlMjI2MDAlMjIlMjBoZWlnaHQlM0QlMjI0NTAlMjIlMjBzdHlsZSUzRCUyMmJvcmRlciUzQTAlM0IlMjIlMjBhbGxvd2Z1bGxzY3JlZW4lM0QlMjIlMjIlMjBsb2FkaW5nJTNEJTIybGF6eSUyMiUyMHJlZmVycmVycG9saWN5JTNEJTIybm8tcmVmZXJyZXItd2hlbi1kb3duZ3JhZGUlMjIlM0UlM0MlMkZpZnJhbWUlM0U=&#8221; css=&#8221;&#8221;][\/vc_column][\/vc_row][vc_row container=&#8221;on&#8221; uniqid=&#8221;lifeline2-5ee9f7a4b8755&#8243; res_css=&#8221;padding_right_desktop_ddt:65|padding_bottom_desktop_ddt:80|padding_left_desktop_ddt:65|background_color_desktop_ddt:%23f9f9f9|padding_right_tablet_tdt:30|padding_bottom_tablet_tdt:30|padding_left_tablet_tdt:30|padding_right_mobile_mdt:15|padding_bottom_mobile_mdt:15|padding_left_mobile_mdt:15&#8243; container_padding=&#8221;on&#8221;][vc_column uniqid=&#8221;lifeline2-5e91ab274bd8d&#8221; css=&#8221;.vc_custom_1587199741029{margin-top: -65px !important;padding-top: 75px !important;padding-right: 60px !important;padding-bottom: 75px !important;padding-left: 60px !important;background-color: #ffffff !important;}&#8221;][lifeline2_heading style=&#8221;sec-title mb-40 w-100&#8243; align=&#8221;text-center&#8221; title=&#8221;Contactez <span class=\"text-theme\">Nous<\/span>&#8221; subtitle=&#8221;Contactez notre association&#8221;][vc_row_inner uniqid=&#8221;lifeline2-5eb2909c3f5ff&#8221;][vc_column_inner css=&#8221;.vc_custom_1592196711255{margin-bottom: 30px !important;}&#8221; offset=&#8221;vc_col-md-6&#8243;][lifeline2_contact_info description=&#8221;Depuis 2022, l&#8217;association le c\u0153ur d&#8217;une s\u0153ur accompagne les jeunes femmes de 15 \u00e0 35 ans \u00e0 Pointe-Noire et Brazzaville. Notre mission est de garantir l&#8217;acc\u00e8s \u00e0 l&#8217;hygi\u00e8ne menstruelle, pr\u00e9venir les grossesses non d\u00e9sir\u00e9es et soutenir les m\u00e8res isol\u00e9es dans leur quotidien.&#8221; address=&#8221;Pointe-Noire, R\u00e9publique du Congo&#8221; email=&#8221;Secretariat@leceourdunesoeur.org&#8221; phone=&#8221;+242 06 673 7748&#8243; website=&#8221;https:\/\/www.lecoeurdunesoeur.com\/&#8221;][\/vc_column_inner][vc_column_inner offset=&#8221;vc_col-md-6&#8243;]\n<div class=\"wpcf7 no-js\" id=\"wpcf7-f7-o1\" lang=\"fr-FR\" dir=\"ltr\" data-wpcf7-id=\"7\">\n<div class=\"screen-reader-response\"><p role=\"status\" aria-live=\"polite\" aria-atomic=\"true\"><\/p> <ul><\/ul><\/div>\n<form action=\"\/index.php\/wp-json\/wp\/v2\/pages\/811#wpcf7-f7-o1\" method=\"post\" class=\"wpcf7-form init\" aria-label=\"Formulaire de contact\" novalidate=\"novalidate\" data-status=\"init\">\n<fieldset class=\"hidden-fields-container\"><input type=\"hidden\" name=\"_wpcf7\" value=\"7\" \/><input type=\"hidden\" name=\"_wpcf7_version\" value=\"6.1.5\" \/><input type=\"hidden\" name=\"_wpcf7_locale\" value=\"fr_FR\" \/><input type=\"hidden\" name=\"_wpcf7_unit_tag\" value=\"wpcf7-f7-o1\" \/><input type=\"hidden\" name=\"_wpcf7_container_post\" value=\"0\" \/><input type=\"hidden\" name=\"_wpcf7_posted_data_hash\" value=\"\" \/>\n<\/fieldset>\n<p><label> Votre nom<br \/>\n<span class=\"wpcf7-form-control-wrap\" data-name=\"your-name\"><input size=\"40\" maxlength=\"400\" class=\"wpcf7-form-control wpcf7-text wpcf7-validates-as-required\" autocomplete=\"name\" aria-required=\"true\" aria-invalid=\"false\" value=\"\" type=\"text\" name=\"your-name\" \/><\/span> <\/label>\n<\/p>\n<p><label> Votre e-mail<br \/>\n<span class=\"wpcf7-form-control-wrap\" data-name=\"your-email\"><input size=\"40\" maxlength=\"400\" class=\"wpcf7-form-control wpcf7-email wpcf7-validates-as-required wpcf7-text wpcf7-validates-as-email\" autocomplete=\"email\" aria-required=\"true\" aria-invalid=\"false\" value=\"\" type=\"email\" name=\"your-email\" \/><\/span> <\/label>\n<\/p>\n<p><label> Objet<br \/>\n<span class=\"wpcf7-form-control-wrap\" data-name=\"your-subject\"><input size=\"40\" maxlength=\"400\" class=\"wpcf7-form-control wpcf7-text wpcf7-validates-as-required\" aria-required=\"true\" aria-invalid=\"false\" value=\"\" type=\"text\" name=\"your-subject\" \/><\/span> <\/label>\n<\/p>\n<p><label> Votre message (facultatif)<br \/>\n<span class=\"wpcf7-form-control-wrap\" data-name=\"your-message\"><textarea cols=\"40\" rows=\"10\" maxlength=\"2000\" class=\"wpcf7-form-control wpcf7-textarea\" aria-invalid=\"false\" name=\"your-message\"><\/textarea><\/span> <\/label>\n<\/p>\n<p><input class=\"wpcf7-form-control wpcf7-submit has-spinner\" type=\"submit\" value=\"Envoyer\" \/>\n<\/p><p style=\"display: none !important;\" class=\"akismet-fields-container\" data-prefix=\"_wpcf7_ak_\"><label>&#916;<textarea name=\"_wpcf7_ak_hp_textarea\" cols=\"45\" rows=\"8\" maxlength=\"100\"><\/textarea><\/label><input type=\"hidden\" id=\"ak_js_1\" name=\"_wpcf7_ak_js\" value=\"59\"\/><script>document.getElementById( \"ak_js_1\" ).setAttribute( \"value\", ( new Date() ).getTime() );<\/script><\/p><div class=\"wpcf7-response-output\" aria-hidden=\"true\"><\/div>\n<\/form>\n<\/div>\n[\/vc_column_inner][\/vc_row_inner][\/vc_column][\/vc_row]<\/p>\n<\/div>","protected":false},"excerpt":{"rendered":"<p>[vc_row uniqid=&#8221;lifeline2-5e9053d195108&#8243; res_css=&#8221;background_color_desktop_ddt:%23f9f9f9&#8243;][vc_column uniqid=&#8221;lifeline2-5e91aa94adcd9&#8243;][vc_gmaps link=&#8221;#E-8_JTNDaWZyYW1lJTIwc3JjJTNEJTIyaHR0cHMlM0ElMkYlMkZ3d3cuZ29vZ2xlLmNvbSUyRm1hcHMlMkZlbWJlZCUzRnBiJTNEJTIxMW0xOCUyMTFtMTIlMjExbTMlMjExZDEyNjg5NS41MjA1NzQ3OTA3NyUyMTJkMTEuNzk1MzIwNzI4NzY0MTY2JTIxM2QtNC43OTc3MTcxNjE0MTAyMDMlMjEybTMlMjExZjAlMjEyZjAlMjEzZjAlMjEzbTIlMjExaTEwMjQlMjEyaTc2OCUyMTRmMTMuMSUyMTNtMyUyMTFtMiUyMTFzMHgxYTYwYTUzNDg1NzI0YTM3JTI1M0EweGVmOWUxYjlhZGY0YTkwOTUlMjEyc1BvaW50ZS1Ob2lyZSUyNTJDJTI1MjBSJTI1QzMlMjVBOXB1YmxpcXVlJTI1MjBkdSUyNTIwQ29uZ28lMjE1ZTElMjEzbTIlMjExc2ZyJTIxMnNmciUyMTR2MTc3Mzc0ODU1MTQ4NCUyMTVtMiUyMTFzZnIlMjEyc2ZyJTIyJTIwd2lkdGglM0QlMjI2MDAlMjIlMjBoZWlnaHQlM0QlMjI0NTAlMjIlMjBzdHlsZSUzRCUyMmJvcmRlciUzQTAlM0IlMjIlMjBhbGxvd2Z1bGxzY3JlZW4lM0QlMjIlMjIlMjBsb2FkaW5nJTNEJTIybGF6eSUyMiUyMHJlZmVycmVycG9saWN5JTNEJTIybm8tcmVmZXJyZXItd2hlbi1kb3duZ3JhZGUlMjIlM0UlM0MlMkZpZnJhbWUlM0U=&#8221; css=&#8221;&#8221;][\/vc_column][\/vc_row][vc_row container=&#8221;on&#8221; uniqid=&#8221;lifeline2-5ee9f7a4b8755&#8243; res_css=&#8221;padding_right_desktop_ddt:65|padding_bottom_desktop_ddt:80|padding_left_desktop_ddt:65|background_color_desktop_ddt:%23f9f9f9|padding_right_tablet_tdt:30|padding_bottom_tablet_tdt:30|padding_left_tablet_tdt:30|padding_right_mobile_mdt:15|padding_bottom_mobile_mdt:15|padding_left_mobile_mdt:15&#8243; container_padding=&#8221;on&#8221;][vc_column uniqid=&#8221;lifeline2-5e91ab274bd8d&#8221; css=&#8221;.vc_custom_1587199741029{margin-top: -65px !important;padding-top: 75px !important;padding-right: 60px !important;padding-bottom: 75px !important;padding-left: 60px !important;background-color: #ffffff !important;}&#8221;][lifeline2_heading style=&#8221;sec-title mb-40 w-100&#8243; align=&#8221;text-center&#8221; title=&#8221;Contactez Nous&#8221; subtitle=&#8221;Contactez notre association&#8221;][vc_row_inner uniqid=&#8221;lifeline2-5eb2909c3f5ff&#8221;][vc_column_inner css=&#8221;.vc_custom_1592196711255{margin-bottom: 30px !important;}&#8221; offset=&#8221;vc_col-md-6&#8243;][lifeline2_contact_info description=&#8221;Depuis 2022, l&#8217;association le c\u0153ur d&#8217;une s\u0153ur accompagne les jeunes femmes de 15 \u00e0 35 ans \u00e0 [&hellip;]<\/p>\n","protected":false},"author":1,"featured_media":0,"parent":0,"menu_order":0,"comment_status":"closed","ping_status":"closed","template":"template-vc.php","meta":{"_crdt_document":"","footnotes":""},"class_list":["post-811","page","type-page","status-publish","hentry"],"yoast_head":"<!-- This site is optimized with the Yoast SEO plugin v27.2 - https:\/\/yoast.com\/product\/yoast-seo-wordpress\/ -->\n<title>Contact - Le Coeur d&#039;Une Soeur<\/title>\n<meta name=\"robots\" content=\"index, follow, max-snippet:-1, max-image-preview:large, max-video-preview:-1\" \/>\n<link rel=\"canonical\" href=\"https:\/\/www.lecoeurdunesoeur.com\/index.php\/contact\/\" \/>\n<meta property=\"og:locale\" content=\"fr_FR\" \/>\n<meta property=\"og:type\" content=\"article\" \/>\n<meta property=\"og:title\" content=\"Contact - Le Coeur d&#039;Une Soeur\" \/>\n<meta property=\"og:description\" content=\"[vc_row uniqid=&#8221;lifeline2-5e9053d195108&#8243; res_css=&#8221;background_color_desktop_ddt:%23f9f9f9&#8243;][vc_column uniqid=&#8221;lifeline2-5e91aa94adcd9&#8243;][vc_gmaps link=&#8221;#E-8_JTNDaWZyYW1lJTIwc3JjJTNEJTIyaHR0cHMlM0ElMkYlMkZ3d3cuZ29vZ2xlLmNvbSUyRm1hcHMlMkZlbWJlZCUzRnBiJTNEJTIxMW0xOCUyMTFtMTIlMjExbTMlMjExZDEyNjg5NS41MjA1NzQ3OTA3NyUyMTJkMTEuNzk1MzIwNzI4NzY0MTY2JTIxM2QtNC43OTc3MTcxNjE0MTAyMDMlMjEybTMlMjExZjAlMjEyZjAlMjEzZjAlMjEzbTIlMjExaTEwMjQlMjEyaTc2OCUyMTRmMTMuMSUyMTNtMyUyMTFtMiUyMTFzMHgxYTYwYTUzNDg1NzI0YTM3JTI1M0EweGVmOWUxYjlhZGY0YTkwOTUlMjEyc1BvaW50ZS1Ob2lyZSUyNTJDJTI1MjBSJTI1QzMlMjVBOXB1YmxpcXVlJTI1MjBkdSUyNTIwQ29uZ28lMjE1ZTElMjEzbTIlMjExc2ZyJTIxMnNmciUyMTR2MTc3Mzc0ODU1MTQ4NCUyMTVtMiUyMTFzZnIlMjEyc2ZyJTIyJTIwd2lkdGglM0QlMjI2MDAlMjIlMjBoZWlnaHQlM0QlMjI0NTAlMjIlMjBzdHlsZSUzRCUyMmJvcmRlciUzQTAlM0IlMjIlMjBhbGxvd2Z1bGxzY3JlZW4lM0QlMjIlMjIlMjBsb2FkaW5nJTNEJTIybGF6eSUyMiUyMHJlZmVycmVycG9saWN5JTNEJTIybm8tcmVmZXJyZXItd2hlbi1kb3duZ3JhZGUlMjIlM0UlM0MlMkZpZnJhbWUlM0U=&#8221; css=&#8221;&#8221;][\/vc_column][\/vc_row][vc_row container=&#8221;on&#8221; uniqid=&#8221;lifeline2-5ee9f7a4b8755&#8243; res_css=&#8221;padding_right_desktop_ddt:65|padding_bottom_desktop_ddt:80|padding_left_desktop_ddt:65|background_color_desktop_ddt:%23f9f9f9|padding_right_tablet_tdt:30|padding_bottom_tablet_tdt:30|padding_left_tablet_tdt:30|padding_right_mobile_mdt:15|padding_bottom_mobile_mdt:15|padding_left_mobile_mdt:15&#8243; container_padding=&#8221;on&#8221;][vc_column uniqid=&#8221;lifeline2-5e91ab274bd8d&#8221; css=&#8221;.vc_custom_1587199741029{margin-top: -65px !important;padding-top: 75px !important;padding-right: 60px !important;padding-bottom: 75px !important;padding-left: 60px !important;background-color: #ffffff !important;}&#8221;][lifeline2_heading style=&#8221;sec-title mb-40 w-100&#8243; align=&#8221;text-center&#8221; title=&#8221;Contactez Nous&#8221; subtitle=&#8221;Contactez notre association&#8221;][vc_row_inner uniqid=&#8221;lifeline2-5eb2909c3f5ff&#8221;][vc_column_inner css=&#8221;.vc_custom_1592196711255{margin-bottom: 30px !important;}&#8221; offset=&#8221;vc_col-md-6&#8243;][lifeline2_contact_info description=&#8221;Depuis 2022, l&#8217;association le c\u0153ur d&#8217;une s\u0153ur accompagne les jeunes femmes de 15 \u00e0 35 ans \u00e0 [&hellip;]\" \/>\n<meta property=\"og:url\" content=\"https:\/\/www.lecoeurdunesoeur.com\/index.php\/contact\/\" \/>\n<meta property=\"og:site_name\" content=\"Le Coeur d&#039;Une Soeur\" \/>\n<meta property=\"article:modified_time\" content=\"2026-03-26T22:39:20+00:00\" \/>\n<meta name=\"twitter:card\" content=\"summary_large_image\" \/>\n<meta name=\"twitter:label1\" content=\"Dur\u00e9e de lecture estim\u00e9e\" \/>\n\t<meta name=\"twitter:data1\" content=\"1 minute\" \/>\n<script type=\"application\/ld+json\" class=\"yoast-schema-graph\">{\"@context\":\"https:\/\/schema.org\",\"@graph\":[{\"@type\":\"WebPage\",\"@id\":\"https:\/\/www.lecoeurdunesoeur.com\/index.php\/contact\/\",\"url\":\"https:\/\/www.lecoeurdunesoeur.com\/index.php\/contact\/\",\"name\":\"Contact - Le Coeur d&#039;Une Soeur\",\"isPartOf\":{\"@id\":\"https:\/\/www.lecoeurdunesoeur.com\/#website\"},\"datePublished\":\"2020-04-07T07:37:13+00:00\",\"dateModified\":\"2026-03-26T22:39:20+00:00\",\"breadcrumb\":{\"@id\":\"https:\/\/www.lecoeurdunesoeur.com\/index.php\/contact\/#breadcrumb\"},\"inLanguage\":\"fr-FR\",\"potentialAction\":[{\"@type\":\"ReadAction\",\"target\":[\"https:\/\/www.lecoeurdunesoeur.com\/index.php\/contact\/\"]}]},{\"@type\":\"BreadcrumbList\",\"@id\":\"https:\/\/www.lecoeurdunesoeur.com\/index.php\/contact\/#breadcrumb\",\"itemListElement\":[{\"@type\":\"ListItem\",\"position\":1,\"name\":\"Accueil\",\"item\":\"https:\/\/www.lecoeurdunesoeur.com\/\"},{\"@type\":\"ListItem\",\"position\":2,\"name\":\"Contact\"}]},{\"@type\":\"WebSite\",\"@id\":\"https:\/\/www.lecoeurdunesoeur.com\/#website\",\"url\":\"https:\/\/www.lecoeurdunesoeur.com\/\",\"name\":\"Le Coeur d&#039;Une Soeur\",\"description\":\"\",\"publisher\":{\"@id\":\"https:\/\/www.lecoeurdunesoeur.com\/#organization\"},\"potentialAction\":[{\"@type\":\"SearchAction\",\"target\":{\"@type\":\"EntryPoint\",\"urlTemplate\":\"https:\/\/www.lecoeurdunesoeur.com\/?s={search_term_string}\"},\"query-input\":{\"@type\":\"PropertyValueSpecification\",\"valueRequired\":true,\"valueName\":\"search_term_string\"}}],\"inLanguage\":\"fr-FR\"},{\"@type\":\"Organization\",\"@id\":\"https:\/\/www.lecoeurdunesoeur.com\/#organization\",\"name\":\"Le Coeur d&#039;Une Soeur\",\"url\":\"https:\/\/www.lecoeurdunesoeur.com\/\",\"logo\":{\"@type\":\"ImageObject\",\"inLanguage\":\"fr-FR\",\"@id\":\"https:\/\/www.lecoeurdunesoeur.com\/#\/schema\/logo\/image\/\",\"url\":\"https:\/\/www.lecoeurdunesoeur.com\/wp-content\/uploads\/2026\/03\/cropped-Logo-association-le-coeur-dune-soeur.png\",\"contentUrl\":\"https:\/\/www.lecoeurdunesoeur.com\/wp-content\/uploads\/2026\/03\/cropped-Logo-association-le-coeur-dune-soeur.png\",\"width\":200,\"height\":200,\"caption\":\"Le Coeur d&#039;Une Soeur\"},\"image\":{\"@id\":\"https:\/\/www.lecoeurdunesoeur.com\/#\/schema\/logo\/image\/\"}}]}<\/script>\n<!-- \/ Yoast SEO plugin. -->","yoast_head_json":{"title":"Contact - Le Coeur d&#039;Une Soeur","robots":{"index":"index","follow":"follow","max-snippet":"max-snippet:-1","max-image-preview":"max-image-preview:large","max-video-preview":"max-video-preview:-1"},"canonical":"https:\/\/www.lecoeurdunesoeur.com\/index.php\/contact\/","og_locale":"fr_FR","og_type":"article","og_title":"Contact - Le Coeur d&#039;Une Soeur","og_description":"[vc_row uniqid=&#8221;lifeline2-5e9053d195108&#8243; res_css=&#8221;background_color_desktop_ddt:%23f9f9f9&#8243;][vc_column uniqid=&#8221;lifeline2-5e91aa94adcd9&#8243;][vc_gmaps link=&#8221;#E-8_JTNDaWZyYW1lJTIwc3JjJTNEJTIyaHR0cHMlM0ElMkYlMkZ3d3cuZ29vZ2xlLmNvbSUyRm1hcHMlMkZlbWJlZCUzRnBiJTNEJTIxMW0xOCUyMTFtMTIlMjExbTMlMjExZDEyNjg5NS41MjA1NzQ3OTA3NyUyMTJkMTEuNzk1MzIwNzI4NzY0MTY2JTIxM2QtNC43OTc3MTcxNjE0MTAyMDMlMjEybTMlMjExZjAlMjEyZjAlMjEzZjAlMjEzbTIlMjExaTEwMjQlMjEyaTc2OCUyMTRmMTMuMSUyMTNtMyUyMTFtMiUyMTFzMHgxYTYwYTUzNDg1NzI0YTM3JTI1M0EweGVmOWUxYjlhZGY0YTkwOTUlMjEyc1BvaW50ZS1Ob2lyZSUyNTJDJTI1MjBSJTI1QzMlMjVBOXB1YmxpcXVlJTI1MjBkdSUyNTIwQ29uZ28lMjE1ZTElMjEzbTIlMjExc2ZyJTIxMnNmciUyMTR2MTc3Mzc0ODU1MTQ4NCUyMTVtMiUyMTFzZnIlMjEyc2ZyJTIyJTIwd2lkdGglM0QlMjI2MDAlMjIlMjBoZWlnaHQlM0QlMjI0NTAlMjIlMjBzdHlsZSUzRCUyMmJvcmRlciUzQTAlM0IlMjIlMjBhbGxvd2Z1bGxzY3JlZW4lM0QlMjIlMjIlMjBsb2FkaW5nJTNEJTIybGF6eSUyMiUyMHJlZmVycmVycG9saWN5JTNEJTIybm8tcmVmZXJyZXItd2hlbi1kb3duZ3JhZGUlMjIlM0UlM0MlMkZpZnJhbWUlM0U=&#8221; css=&#8221;&#8221;][\/vc_column][\/vc_row][vc_row container=&#8221;on&#8221; uniqid=&#8221;lifeline2-5ee9f7a4b8755&#8243; res_css=&#8221;padding_right_desktop_ddt:65|padding_bottom_desktop_ddt:80|padding_left_desktop_ddt:65|background_color_desktop_ddt:%23f9f9f9|padding_right_tablet_tdt:30|padding_bottom_tablet_tdt:30|padding_left_tablet_tdt:30|padding_right_mobile_mdt:15|padding_bottom_mobile_mdt:15|padding_left_mobile_mdt:15&#8243; container_padding=&#8221;on&#8221;][vc_column uniqid=&#8221;lifeline2-5e91ab274bd8d&#8221; css=&#8221;.vc_custom_1587199741029{margin-top: -65px !important;padding-top: 75px !important;padding-right: 60px !important;padding-bottom: 75px !important;padding-left: 60px !important;background-color: #ffffff !important;}&#8221;][lifeline2_heading style=&#8221;sec-title mb-40 w-100&#8243; align=&#8221;text-center&#8221; title=&#8221;Contactez Nous&#8221; subtitle=&#8221;Contactez notre association&#8221;][vc_row_inner uniqid=&#8221;lifeline2-5eb2909c3f5ff&#8221;][vc_column_inner css=&#8221;.vc_custom_1592196711255{margin-bottom: 30px !important;}&#8221; offset=&#8221;vc_col-md-6&#8243;][lifeline2_contact_info description=&#8221;Depuis 2022, l&#8217;association le c\u0153ur d&#8217;une s\u0153ur accompagne les jeunes femmes de 15 \u00e0 35 ans \u00e0 [&hellip;]","og_url":"https:\/\/www.lecoeurdunesoeur.com\/index.php\/contact\/","og_site_name":"Le Coeur d&#039;Une Soeur","article_modified_time":"2026-03-26T22:39:20+00:00","twitter_card":"summary_large_image","twitter_misc":{"Dur\u00e9e de lecture estim\u00e9e":"1 minute"},"schema":{"@context":"https:\/\/schema.org","@graph":[{"@type":"WebPage","@id":"https:\/\/www.lecoeurdunesoeur.com\/index.php\/contact\/","url":"https:\/\/www.lecoeurdunesoeur.com\/index.php\/contact\/","name":"Contact - Le Coeur d&#039;Une Soeur","isPartOf":{"@id":"https:\/\/www.lecoeurdunesoeur.com\/#website"},"datePublished":"2020-04-07T07:37:13+00:00","dateModified":"2026-03-26T22:39:20+00:00","breadcrumb":{"@id":"https:\/\/www.lecoeurdunesoeur.com\/index.php\/contact\/#breadcrumb"},"inLanguage":"fr-FR","potentialAction":[{"@type":"ReadAction","target":["https:\/\/www.lecoeurdunesoeur.com\/index.php\/contact\/"]}]},{"@type":"BreadcrumbList","@id":"https:\/\/www.lecoeurdunesoeur.com\/index.php\/contact\/#breadcrumb","itemListElement":[{"@type":"ListItem","position":1,"name":"Accueil","item":"https:\/\/www.lecoeurdunesoeur.com\/"},{"@type":"ListItem","position":2,"name":"Contact"}]},{"@type":"WebSite","@id":"https:\/\/www.lecoeurdunesoeur.com\/#website","url":"https:\/\/www.lecoeurdunesoeur.com\/","name":"Le Coeur d&#039;Une Soeur","description":"","publisher":{"@id":"https:\/\/www.lecoeurdunesoeur.com\/#organization"},"potentialAction":[{"@type":"SearchAction","target":{"@type":"EntryPoint","urlTemplate":"https:\/\/www.lecoeurdunesoeur.com\/?s={search_term_string}"},"query-input":{"@type":"PropertyValueSpecification","valueRequired":true,"valueName":"search_term_string"}}],"inLanguage":"fr-FR"},{"@type":"Organization","@id":"https:\/\/www.lecoeurdunesoeur.com\/#organization","name":"Le Coeur d&#039;Une Soeur","url":"https:\/\/www.lecoeurdunesoeur.com\/","logo":{"@type":"ImageObject","inLanguage":"fr-FR","@id":"https:\/\/www.lecoeurdunesoeur.com\/#\/schema\/logo\/image\/","url":"https:\/\/www.lecoeurdunesoeur.com\/wp-content\/uploads\/2026\/03\/cropped-Logo-association-le-coeur-dune-soeur.png","contentUrl":"https:\/\/www.lecoeurdunesoeur.com\/wp-content\/uploads\/2026\/03\/cropped-Logo-association-le-coeur-dune-soeur.png","width":200,"height":200,"caption":"Le Coeur d&#039;Une Soeur"},"image":{"@id":"https:\/\/www.lecoeurdunesoeur.com\/#\/schema\/logo\/image\/"}}]}},"_links":{"self":[{"href":"https:\/\/www.lecoeurdunesoeur.com\/index.php\/wp-json\/wp\/v2\/pages\/811","targetHints":{"allow":["GET"]}}],"collection":[{"href":"https:\/\/www.lecoeurdunesoeur.com\/index.php\/wp-json\/wp\/v2\/pages"}],"about":[{"href":"https:\/\/www.lecoeurdunesoeur.com\/index.php\/wp-json\/wp\/v2\/types\/page"}],"author":[{"embeddable":true,"href":"https:\/\/www.lecoeurdunesoeur.com\/index.php\/wp-json\/wp\/v2\/users\/1"}],"replies":[{"embeddable":true,"href":"https:\/\/www.lecoeurdunesoeur.com\/index.php\/wp-json\/wp\/v2\/comments?post=811"}],"version-history":[{"count":7,"href":"https:\/\/www.lecoeurdunesoeur.com\/index.php\/wp-json\/wp\/v2\/pages\/811\/revisions"}],"predecessor-version":[{"id":2562,"href":"https:\/\/www.lecoeurdunesoeur.com\/index.php\/wp-json\/wp\/v2\/pages\/811\/revisions\/2562"}],"wp:attachment":[{"href":"https:\/\/www.lecoeurdunesoeur.com\/index.php\/wp-json\/wp\/v2\/media?parent=811"}],"curies":[{"name":"wp","href":"https:\/\/api.w.org\/{rel}","templated":true}]}}